{"id":139,"date":"2025-10-14T14:05:54","date_gmt":"2025-10-14T12:05:54","guid":{"rendered":"https:\/\/tvattxpress.se\/?page_id=139"},"modified":"2025-11-17T13:57:52","modified_gmt":"2025-11-17T12:57:52","slug":"vanliga-fragor","status":"publish","type":"page","link":"https:\/\/tvattxpress.se\/?page_id=139","title":{"rendered":"Vanliga fr\u00e5gor"},"content":{"rendered":"\n<div class=\"wp-block-cover alignfull has-custom-content-position is-position-top-left\" style=\"margin-top:0;padding-top:5vw;padding-right:5vw;padding-bottom:5vw;padding-left:5vw;min-height:50vh;aspect-ratio:unset;\"><img decoding=\"async\" class=\"wp-block-cover__image-background wp-image-333\" alt=\"\" src=\"https:\/\/pd.w.org\/2022\/07\/87262c92d42acd1c3.73206444.jpg\" style=\"object-position:50% 0%\" data-object-fit=\"cover\" data-object-position=\"50% 0%\"\/><span aria-hidden=\"true\" class=\"wp-block-cover__background has-background-dim-90 has-background-dim\" style=\"background-color:#141414\"><\/span><div class=\"wp-block-cover__inner-container is-layout-flow wp-block-cover-is-layout-flow\">\n<div class=\"wp-block-group wp-container-content-9cfa9a5a is-vertical is-nowrap is-layout-flex wp-container-core-group-is-layout-2890af74 wp-block-group-is-layout-flex\">\n<p class=\"has-text-align-left has-text-color has-source-serif-pro-font-family\" style=\"color:#d8a557;font-size:clamp(72.137px, 4.509rem + ((1vw - 3.2px) * 9.152), 160px);font-style:italic;font-weight:900;letter-spacing:-4px;line-height:0.8;text-transform:none\"><mark style=\"background-color:rgba(0, 0, 0, 0);color:#57bb40\" class=\"has-inline-color\">Vanliga fr\u00e5gor<\/mark><\/p>\n<\/div>\n<\/div><\/div>\n\n\n\n<details class=\"wp-block-details is-layout-flow wp-block-details-is-layout-flow\"><summary><strong>Beh\u00f6ver ni bil nyckeln?<\/strong><\/summary>\n<p>Ja, f\u00f6r att kunna k\u00f6ra upp &amp; ned fr\u00e5n vatten uppsamlaren beh\u00f6ver vi ha din bilnyckel.<\/p>\n<\/details>\n\n\n\n<details class=\"wp-block-details is-layout-flow wp-block-details-is-layout-flow\"><summary><strong>Hur samlar ni upp vattnet?<\/strong><\/summary>\n<p>Bilen k\u00f6rs upp p\u00e5 vatten uppsamlaren och efter tv\u00e4tten \u00e4r f\u00e4rdig sugs vattnet upp och tas med.<\/p>\n<\/details>\n\n\n\n<details class=\"wp-block-details is-layout-flow wp-block-details-is-layout-flow\"><summary><strong>Vilka krav st\u00e4ller ni p\u00e5 kunden?<\/strong><\/summary>\n<p>F\u00f6r att kunna utf\u00f6ra v\u00e5ran tj\u00e4nst beh\u00f6ver vi tillg\u00e5ng till anslutning till vattenslang samt tillg\u00e5ng till eluttag.<\/p>\n<\/details>\n\n\n\n<details class=\"wp-block-details is-layout-flow wp-block-details-is-layout-flow\"><summary><strong>beh\u00f6ver jag vara hemma under tiden?<\/strong><\/summary>\n<p>Nej, vi beh\u00f6ver bara tillg\u00e5ng till nycklarna, el och vatten<\/p>\n<\/details>\n\n\n\n<details class=\"wp-block-details is-layout-flow wp-block-details-is-layout-flow\"><summary><strong>Vilka tv\u00e4ttmedel anv\u00e4nder ni er av?<\/strong><\/summary>\n<p>Vi anv\u00e4nder bland annat Tershine och Turtewax tv\u00e4ttmedel d\u00e5 dem \u00e4r f\u00f6retag som har samma milj\u00f6 och h\u00e5llbarhets syner som vi har.<\/p>\n<\/details>\n\n\n\n<details class=\"wp-block-details is-layout-flow wp-block-details-is-layout-flow\"><summary><strong>Vad h\u00e4nder om det blir d\u00e5ligt v\u00e4der?<\/strong><\/summary>\n<p>Vid kraftig nederb\u00f6rd kan endast inv\u00e4ndig tv\u00e4tt utf\u00f6ras och \u00f6verenskommelse kring ombokning p\u00e5 utv\u00e4ndig tv\u00e4tt g\u00f6rs snabbast m\u00f6jligt. Vi har heller inte m\u00f6jlighet att tv\u00e4tta i minusgrader.<\/p>\n<\/details>\n\n\n\n<div class=\"wp-block-cover alignfull is-light wp-duotone-36345d-abaaaa-1\" style=\"margin-top:0;padding-top:5vw;padding-right:5vw;padding-bottom:5vw;padding-left:5vw\"><img loading=\"lazy\" decoding=\"async\" width=\"768\" height=\"1024\" class=\"wp-block-cover__image-background wp-image-171 size-large\" alt=\"\" src=\"https:\/\/tvattxpress.se\/wp-content\/uploads\/2025\/10\/1000005170-768x1024.jpg\" data-object-fit=\"cover\" srcset=\"https:\/\/tvattxpress.se\/wp-content\/uploads\/2025\/10\/1000005170-768x1024.jpg 768w, https:\/\/tvattxpress.se\/wp-content\/uploads\/2025\/10\/1000005170-225x300.jpg 225w, https:\/\/tvattxpress.se\/wp-content\/uploads\/2025\/10\/1000005170-1152x1536.jpg 1152w, https:\/\/tvattxpress.se\/wp-content\/uploads\/2025\/10\/1000005170-1536x2048.jpg 1536w, https:\/\/tvattxpress.se\/wp-content\/uploads\/2025\/10\/1000005170-scaled.jpg 1920w\" sizes=\"auto, (max-width: 768px) 100vw, 768px\" \/><span aria-hidden=\"true\" class=\"wp-block-cover__background has-background-dim-60 has-background-dim\" style=\"background-color:#c2b7a4\"><\/span><div class=\"wp-block-cover__inner-container is-layout-flow wp-block-cover-is-layout-flow\">\n<div style=\"height:48px\" aria-hidden=\"true\" class=\"wp-block-spacer\"><\/div>\n<\/div><\/div>\n\n\n\n<p><\/p>\n","protected":false},"excerpt":{"rendered":"","protected":false},"author":1,"featured_media":0,"parent":0,"menu_order":0,"comment_status":"closed","ping_status":"closed","template":"","meta":{"footnotes":""},"class_list":["post-139","page","type-page","status-publish","hentry"],"_links":{"self":[{"href":"https:\/\/tvattxpress.se\/index.php?rest_route=\/wp\/v2\/pages\/139","targetHints":{"allow":["GET"]}}],"collection":[{"href":"https:\/\/tvattxpress.se\/index.php?rest_route=\/wp\/v2\/pages"}],"about":[{"href":"https:\/\/tvattxpress.se\/index.php?rest_route=\/wp\/v2\/types\/page"}],"author":[{"embeddable":true,"href":"https:\/\/tvattxpress.se\/index.php?rest_route=\/wp\/v2\/users\/1"}],"replies":[{"embeddable":true,"href":"https:\/\/tvattxpress.se\/index.php?rest_route=%2Fwp%2Fv2%2Fcomments&post=139"}],"version-history":[{"count":9,"href":"https:\/\/tvattxpress.se\/index.php?rest_route=\/wp\/v2\/pages\/139\/revisions"}],"predecessor-version":[{"id":207,"href":"https:\/\/tvattxpress.se\/index.php?rest_route=\/wp\/v2\/pages\/139\/revisions\/207"}],"wp:attachment":[{"href":"https:\/\/tvattxpress.se\/index.php?rest_route=%2Fwp%2Fv2%2Fmedia&parent=139"}],"curies":[{"name":"wp","href":"https:\/\/api.w.org\/{rel}","templated":true}]}}