{"id":41,"date":"2025-09-09T14:16:12","date_gmt":"2025-09-09T12:16:12","guid":{"rendered":"https:\/\/tvattxpress.se\/?page_id=41"},"modified":"2025-10-20T16:13:03","modified_gmt":"2025-10-20T14:13:03","slug":"kontakta-oss","status":"publish","type":"page","link":"https:\/\/tvattxpress.se\/?page_id=41","title":{"rendered":"V\u00e5rt team p\u00e5 Tv\u00e4ttXpress"},"content":{"rendered":"\n<div class=\"wp-block-group alignfull has-global-padding is-layout-constrained wp-container-core-group-is-layout-669513ed wp-block-group-is-layout-constrained\" style=\"margin-top:0;margin-bottom:0;padding-top:var(--wp--preset--spacing--50);padding-right:var(--wp--preset--spacing--50);padding-bottom:var(--wp--preset--spacing--50);padding-left:var(--wp--preset--spacing--50)\">\n<div style=\"height:var(--wp--preset--spacing--30)\" aria-hidden=\"true\" class=\"wp-block-spacer\"><\/div>\n\n\n\n<div class=\"wp-block-columns alignwide is-layout-flex wp-container-core-columns-is-layout-4935966c wp-block-columns-is-layout-flex\" style=\"padding-right:0;padding-left:0\">\n<div class=\"wp-block-column is-layout-flow wp-block-column-is-layout-flow\">\n<figure class=\"wp-block-image size-full is-style-rounded is-style-rounded--1\"><img loading=\"lazy\" decoding=\"async\" width=\"1920\" height=\"2560\" src=\"https:\/\/tvattxpress.se\/wp-content\/uploads\/2025\/10\/image2-scaled.jpeg\" alt=\"\" class=\"wp-image-190\" style=\"aspect-ratio:1;object-fit:cover\" srcset=\"https:\/\/tvattxpress.se\/wp-content\/uploads\/2025\/10\/image2-scaled.jpeg 1920w, https:\/\/tvattxpress.se\/wp-content\/uploads\/2025\/10\/image2-225x300.jpeg 225w, https:\/\/tvattxpress.se\/wp-content\/uploads\/2025\/10\/image2-768x1024.jpeg 768w, https:\/\/tvattxpress.se\/wp-content\/uploads\/2025\/10\/image2-1152x1536.jpeg 1152w, https:\/\/tvattxpress.se\/wp-content\/uploads\/2025\/10\/image2-1536x2048.jpeg 1536w\" sizes=\"auto, (max-width: 1920px) 100vw, 1920px\" \/><\/figure>\n\n\n\n<div class=\"wp-block-group is-vertical is-content-justification-center is-nowrap is-layout-flex wp-container-core-group-is-layout-63bfd6c1 wp-block-group-is-layout-flex\">\n<p class=\"has-text-align-center has-small-font-size\"><br><em><strong>Wilhelm Axberg<\/strong><br><\/em>Ink\u00f6ps &amp; webbplats ansvarig<\/p>\n\n\n\n<p class=\"has-text-align-center has-small-font-size\">.<\/p>\n<\/div>\n<\/div>\n\n\n\n<div class=\"wp-block-column is-layout-flow wp-block-column-is-layout-flow\">\n<figure class=\"wp-block-image size-full is-style-rounded is-style-rounded--2\"><img loading=\"lazy\" decoding=\"async\" width=\"1920\" height=\"2560\" src=\"https:\/\/tvattxpress.se\/wp-content\/uploads\/2025\/10\/image0-scaled.jpeg\" alt=\"\" class=\"wp-image-191\" style=\"aspect-ratio:1;object-fit:cover\" srcset=\"https:\/\/tvattxpress.se\/wp-content\/uploads\/2025\/10\/image0-scaled.jpeg 1920w, https:\/\/tvattxpress.se\/wp-content\/uploads\/2025\/10\/image0-225x300.jpeg 225w, https:\/\/tvattxpress.se\/wp-content\/uploads\/2025\/10\/image0-768x1024.jpeg 768w, https:\/\/tvattxpress.se\/wp-content\/uploads\/2025\/10\/image0-1152x1536.jpeg 1152w, https:\/\/tvattxpress.se\/wp-content\/uploads\/2025\/10\/image0-1536x2048.jpeg 1536w\" sizes=\"auto, (max-width: 1920px) 100vw, 1920px\" \/><\/figure>\n\n\n\n<div class=\"wp-block-group is-vertical is-content-justification-center is-nowrap is-layout-flex wp-container-core-group-is-layout-63bfd6c1 wp-block-group-is-layout-flex\">\n<p class=\"has-text-align-center has-small-font-size\"><em><br><strong>Adrian Kiland<\/strong><\/em><br>Verkst\u00e4llande Direkt\u00f6r<\/p>\n\n\n\n<p class=\"has-text-align-center has-small-font-size\">.<\/p>\n<\/div>\n<\/div>\n\n\n\n<div class=\"wp-block-column is-layout-flow wp-block-column-is-layout-flow\">\n<figure class=\"wp-block-image size-full is-style-rounded is-style-rounded--3\"><img loading=\"lazy\" decoding=\"async\" width=\"1920\" height=\"2560\" src=\"https:\/\/tvattxpress.se\/wp-content\/uploads\/2025\/10\/image1-scaled.jpeg\" alt=\"\" class=\"wp-image-192\" style=\"aspect-ratio:1;object-fit:cover\" srcset=\"https:\/\/tvattxpress.se\/wp-content\/uploads\/2025\/10\/image1-scaled.jpeg 1920w, https:\/\/tvattxpress.se\/wp-content\/uploads\/2025\/10\/image1-225x300.jpeg 225w, https:\/\/tvattxpress.se\/wp-content\/uploads\/2025\/10\/image1-768x1024.jpeg 768w, https:\/\/tvattxpress.se\/wp-content\/uploads\/2025\/10\/image1-1152x1536.jpeg 1152w, https:\/\/tvattxpress.se\/wp-content\/uploads\/2025\/10\/image1-1536x2048.jpeg 1536w\" sizes=\"auto, (max-width: 1920px) 100vw, 1920px\" \/><\/figure>\n\n\n\n<div class=\"wp-block-group is-vertical is-content-justification-center is-nowrap is-layout-flex wp-container-core-group-is-layout-21d4e958 wp-block-group-is-layout-flex\">\n<p class=\"has-text-align-center has-small-font-size\"><br><strong><em>Benjamin Block<br><\/em><\/strong>Marknads &amp; bokf\u00f6rings ansvarig<\/p>\n\n\n\n<p class=\"has-text-align-center has-small-font-size\">.<\/p>\n<\/div>\n<\/div>\n<\/div>\n<\/div>\n\n\n\n<ul class=\"wp-block-list\">\n<li>Facebook &amp; Instagram: <strong>Tv\u00e4ttxpress.se<\/strong><\/li>\n<\/ul>\n\n\n\n<ul class=\"wp-block-list\">\n<li>Mail: <strong>Info@tvattxpress.se<\/strong><\/li>\n<\/ul>\n\n\n\n<p><\/p>\n","protected":false},"excerpt":{"rendered":"<p>Wilhelm AxbergInk\u00f6ps &amp; webbplats ansvarig . Adrian KilandVerkst\u00e4llande Direkt\u00f6r . Benjamin BlockMarknads &amp; bokf\u00f6rings ansvarig .<\/p>\n","protected":false},"author":1,"featured_media":0,"parent":0,"menu_order":0,"comment_status":"closed","ping_status":"closed","template":"","meta":{"footnotes":""},"class_list":["post-41","page","type-page","status-publish","hentry"],"_links":{"self":[{"href":"https:\/\/tvattxpress.se\/index.php?rest_route=\/wp\/v2\/pages\/41","targetHints":{"allow":["GET"]}}],"collection":[{"href":"https:\/\/tvattxpress.se\/index.php?rest_route=\/wp\/v2\/pages"}],"about":[{"href":"https:\/\/tvattxpress.se\/index.php?rest_route=\/wp\/v2\/types\/page"}],"author":[{"embeddable":true,"href":"https:\/\/tvattxpress.se\/index.php?rest_route=\/wp\/v2\/users\/1"}],"replies":[{"embeddable":true,"href":"https:\/\/tvattxpress.se\/index.php?rest_route=%2Fwp%2Fv2%2Fcomments&post=41"}],"version-history":[{"count":7,"href":"https:\/\/tvattxpress.se\/index.php?rest_route=\/wp\/v2\/pages\/41\/revisions"}],"predecessor-version":[{"id":195,"href":"https:\/\/tvattxpress.se\/index.php?rest_route=\/wp\/v2\/pages\/41\/revisions\/195"}],"wp:attachment":[{"href":"https:\/\/tvattxpress.se\/index.php?rest_route=%2Fwp%2Fv2%2Fmedia&parent=41"}],"curies":[{"name":"wp","href":"https:\/\/api.w.org\/{rel}","templated":true}]}}